{"id":2146,"date":"2025-08-25T23:38:59","date_gmt":"2025-08-25T23:38:59","guid":{"rendered":"https:\/\/clasco.mx\/blog\/?page_id=2146"},"modified":"2025-11-04T16:42:36","modified_gmt":"2025-11-04T16:42:36","slug":"tips-para-mejorar-la-conversion-de-tu-tienda-en-linea","status":"publish","type":"page","link":"https:\/\/clasco.mx\/blog\/tips-para-mejorar-la-conversion-de-tu-tienda-en-linea\/","title":{"rendered":"Tips para mejorar la conversi\u00f3n de tu tienda en l\u00ednea"},"content":{"rendered":"\t\t<div data-elementor-type=\"wp-page\" data-elementor-id=\"2146\" class=\"elementor elementor-2146\">\n\t\t\t\t<div class=\"elementor-element elementor-element-b5fe2a1 e-flex e-con-boxed e-con e-parent\" data-id=\"b5fe2a1\" data-element_type=\"container\">\n\t\t\t\t\t<div class=\"e-con-inner\">\n\t\t\t\t<div class=\"elementor-element elementor-element-608bbb0 elementor-widget elementor-widget-image\" data-id=\"608bbb0\" data-element_type=\"widget\" data-widget_type=\"image.default\">\n\t\t\t\t<div class=\"elementor-widget-container\">\n\t\t\t\t\t\t\t\t\t\t\t\t\t\t\t<img fetchpriority=\"high\" decoding=\"async\" width=\"547\" height=\"374\" src=\"https:\/\/clasco.mx\/blog\/wp-content\/uploads\/2025\/08\/mujer-haciendo-compras-en-linea-1.webp\" class=\"attachment-large size-large wp-image-1926\" alt=\"Hacer compras en clasco\" srcset=\"https:\/\/clasco.mx\/blog\/wp-content\/uploads\/2025\/08\/mujer-haciendo-compras-en-linea-1.webp 547w, https:\/\/clasco.mx\/blog\/wp-content\/uploads\/2025\/08\/mujer-haciendo-compras-en-linea-1-300x205.webp 300w\" sizes=\"(max-width: 547px) 100vw, 547px\" title=\"Tips para mejorar la conversi\u00f3n de tu tienda en l\u00ednea\">\t\t\t\t\t\t\t\t\t\t\t\t\t\t\t<\/div>\n\t\t\t\t<\/div>\n\t\t\t\t<div class=\"elementor-element elementor-element-44c873e elementor-widget elementor-widget-heading\" data-id=\"44c873e\" data-element_type=\"widget\" data-widget_type=\"heading.default\">\n\t\t\t\t<div class=\"elementor-widget-container\">\n\t\t\t\t\t<h1 class=\"elementor-heading-title elementor-size-default\">Tips para mejorar la conversi\u00f3n de tu tienda en l\u00ednea<\/h1>\t\t\t\t<\/div>\n\t\t\t\t<\/div>\n\t\t\t\t<div class=\"elementor-element elementor-element-fb1c262 elementor-widget elementor-widget-text-editor\" data-id=\"fb1c262\" data-element_type=\"widget\" data-widget_type=\"text-editor.default\">\n\t\t\t\t<div class=\"elementor-widget-container\">\n\t\t\t\t\t\t\t\t\t<h2 data-start=\"596\" data-end=\"615\"><strong data-start=\"599\" data-end=\"615\">Introducci\u00f3n<\/strong><\/h2><p data-start=\"616\" data-end=\"1039\">Tener tu tienda en Clasco.mx es el primer paso para entrar al comercio digital en M\u00e9xico. Pero lo m\u00e1s importante no es solo publicar productos, sino lograr que <strong data-start=\"776\" data-end=\"828\">los visitantes de Clasco.mx realmente te compren<\/strong>.<br data-start=\"829\" data-end=\"832\" \/>En esta gu\u00eda encontrar\u00e1s consejos pr\u00e1cticos dise\u00f1ados espec\u00edficamente para <strong data-start=\"907\" data-end=\"966\">mejorar la tasa de conversi\u00f3n de tu tienda en Clasco.mx<\/strong>, aprovechando las herramientas y funciones que el marketplace te ofrece.<\/p><hr data-start=\"1041\" data-end=\"1044\" \/><h2 data-start=\"1046\" data-end=\"1106\"><strong data-start=\"1049\" data-end=\"1106\">1. Optimiza la presentaci\u00f3n de tu tienda en Clasco.mx<\/strong><\/h2><p data-start=\"1107\" data-end=\"1238\">En Clasco, cada vendedor tiene su propio espacio o <strong data-start=\"1158\" data-end=\"1181\">eShop personalizada<\/strong>. Ah\u00ed es donde el cliente eval\u00faa si confiar en ti o no.<\/p><h3 data-start=\"1240\" data-end=\"1269\">Tips pr\u00e1cticos en Clasco:<\/h3><ul data-start=\"1270\" data-end=\"1512\"><li data-start=\"1270\" data-end=\"1349\"><p data-start=\"1272\" data-end=\"1349\"><strong data-start=\"1272\" data-end=\"1300\">Sube un logo profesional<\/strong> de tu negocio y una foto de portada atractiva.<\/p><\/li><li data-start=\"1350\" data-end=\"1433\"><p data-start=\"1352\" data-end=\"1433\">Redacta una <strong data-start=\"1364\" data-end=\"1398\">descripci\u00f3n clara de tu tienda<\/strong> (qu\u00e9 vendes, qu\u00e9 te diferencia).<\/p><\/li><li data-start=\"1434\" data-end=\"1512\"><p data-start=\"1436\" data-end=\"1512\">Mant\u00e9n tus pol\u00edticas de env\u00edo y devoluciones <strong data-start=\"1481\" data-end=\"1509\">visibles y transparentes<\/strong>.<\/p><\/li><\/ul><p data-start=\"1514\" data-end=\"1631\">\ud83d\udc49 Una tienda bien presentada en Clasco.mx aumenta la probabilidad de que los visitantes a\u00f1adan productos al carrito.<\/p><hr data-start=\"1633\" data-end=\"1636\" \/><h2 data-start=\"1638\" data-end=\"1702\"><strong data-start=\"1641\" data-end=\"1702\">2. Publica productos con fotos y descripciones atractivas<\/strong><\/h2><p data-start=\"1703\" data-end=\"1795\">En Clasco.mx los compradores navegan por carruseles, listados y categor\u00edas. Para destacar:<\/p><ul data-start=\"1796\" data-end=\"2194\"><li data-start=\"1796\" data-end=\"1878\"><p data-start=\"1798\" data-end=\"1878\">Usa <strong data-start=\"1802\" data-end=\"1833\">m\u00ednimo 3 fotos por producto<\/strong>, preferiblemente cuadradas (1500&#215;1500 px).<\/p><\/li><li data-start=\"1879\" data-end=\"1952\"><p data-start=\"1881\" data-end=\"1952\">Incluye al menos una foto en fondo blanco y otra en situaci\u00f3n de uso.<\/p><\/li><li data-start=\"1953\" data-end=\"2094\"><p data-start=\"1955\" data-end=\"2018\">Redacta t\u00edtulos que combinen <strong data-start=\"1984\" data-end=\"2015\">categor\u00eda + uso + beneficio<\/strong>.<\/p><ul data-start=\"2021\" data-end=\"2094\"><li data-start=\"2021\" data-end=\"2094\"><p data-start=\"2023\" data-end=\"2094\">Ejemplo: \u201cMochila escolar impermeable con compartimento para laptop\u201d.<\/p><\/li><\/ul><\/li><li data-start=\"2095\" data-end=\"2194\"><p data-start=\"2097\" data-end=\"2194\">La descripci\u00f3n debe usar <strong data-start=\"2122\" data-end=\"2140\">palabras clave<\/strong> y explicar c\u00f3mo tu producto resuelve una necesidad.<\/p><\/li><\/ul><hr data-start=\"2196\" data-end=\"2199\" \/><h2 data-start=\"2201\" data-end=\"2259\"><strong data-start=\"2204\" data-end=\"2259\">3. Activa el env\u00edo gratis en productos estrat\u00e9gicos<\/strong><\/h2><p data-start=\"2260\" data-end=\"2336\">En Clasco.mx los art\u00edculos con <strong data-start=\"2291\" data-end=\"2307\">env\u00edo gratis<\/strong> reciben mayor visibilidad.<\/p><ul data-start=\"2337\" data-end=\"2530\"><li data-start=\"2337\" data-end=\"2416\"><p data-start=\"2339\" data-end=\"2416\">\u00dasalo en productos de alta rotaci\u00f3n (ej. mochilas, accesorios, cosm\u00e9ticos).<\/p><\/li><li data-start=\"2417\" data-end=\"2469\"><p data-start=\"2419\" data-end=\"2469\">Ajusta tu precio para cubrir el costo del env\u00edo.<\/p><\/li><li data-start=\"2470\" data-end=\"2530\"><p data-start=\"2472\" data-end=\"2530\">Considera ofrecer env\u00edo gratis a partir de cierto monto.<\/p><\/li><\/ul><p data-start=\"2532\" data-end=\"2645\">\ud83d\udc49 Recuerda: el env\u00edo gratis no es un gasto, sino una <strong data-start=\"2586\" data-end=\"2627\">inversi\u00f3n para aumentar la conversi\u00f3n<\/strong> dentro de Clasco.<\/p><hr data-start=\"2647\" data-end=\"2650\" \/><h2 data-start=\"2652\" data-end=\"2704\"><strong data-start=\"2655\" data-end=\"2704\">4. Usa precios competitivos en el marketplace<\/strong><\/h2><p data-start=\"2705\" data-end=\"2769\">Los compradores comparan precios dentro de la misma categor\u00eda.<\/p><ul data-start=\"2770\" data-end=\"3031\"><li data-start=\"2770\" data-end=\"2848\"><p data-start=\"2772\" data-end=\"2848\">Antes de publicar, revisa cu\u00e1nto cuestan productos similares en Clasco.mx.<\/p><\/li><li data-start=\"2849\" data-end=\"2936\"><p data-start=\"2851\" data-end=\"2936\">No siempre el m\u00e1s barato gana; la <strong data-start=\"2885\" data-end=\"2916\">confianza y la presentaci\u00f3n<\/strong> tambi\u00e9n influyen.<\/p><\/li><li data-start=\"2937\" data-end=\"3031\"><p data-start=\"2939\" data-end=\"3031\">Usa promociones temporales en fechas clave como <strong data-start=\"2987\" data-end=\"3028\">Hot Sale, Buen Fin o regreso a clases<\/strong>.<\/p><\/li><\/ul><hr data-start=\"3033\" data-end=\"3036\" \/><h2 data-start=\"3038\" data-end=\"3091\"><strong data-start=\"3041\" data-end=\"3091\">5. Responde r\u00e1pido a las preguntas de clientes<\/strong><\/h2><p data-start=\"3092\" data-end=\"3168\">Clasco.mx permite que los compradores te hagan preguntas antes de comprar.<\/p><ul data-start=\"3169\" data-end=\"3392\"><li data-start=\"3169\" data-end=\"3250\"><p data-start=\"3171\" data-end=\"3250\">Activa notificaciones en tu correo o m\u00f3vil para responder en menos de 1 hora.<\/p><\/li><li data-start=\"3251\" data-end=\"3298\"><p data-start=\"3253\" data-end=\"3298\">S\u00e9 claro y amable, evita respuestas cortas.<\/p><\/li><li data-start=\"3299\" data-end=\"3392\"><p data-start=\"3301\" data-end=\"3392\">Un cliente bien atendido suele convertirse en comprador, y adem\u00e1s deja rese\u00f1as positivas.<\/p><\/li><\/ul><hr data-start=\"3394\" data-end=\"3397\" \/><h2 data-start=\"3399\" data-end=\"3453\"><strong data-start=\"3402\" data-end=\"3453\">6. Construye confianza con rese\u00f1as y reputaci\u00f3n<\/strong><\/h2><p data-start=\"3454\" data-end=\"3492\">La reputaci\u00f3n en Clasco.mx es clave.<\/p><ul data-start=\"3493\" data-end=\"3711\"><li data-start=\"3493\" data-end=\"3550\"><p data-start=\"3495\" data-end=\"3550\">Pide a tus clientes satisfechos que dejen una rese\u00f1a.<\/p><\/li><li data-start=\"3551\" data-end=\"3629\"><p data-start=\"3553\" data-end=\"3629\">Responde tambi\u00e9n a comentarios negativos mostrando disposici\u00f3n a resolver.<\/p><\/li><li data-start=\"3630\" data-end=\"3711\"><p data-start=\"3632\" data-end=\"3711\">A mayor n\u00famero de rese\u00f1as, m\u00e1s confianza generas y <strong data-start=\"3683\" data-end=\"3708\">m\u00e1s conversi\u00f3n logras<\/strong>.<\/p><\/li><\/ul><hr data-start=\"3713\" data-end=\"3716\" \/><h2 data-start=\"3718\" data-end=\"3779\"><strong data-start=\"3721\" data-end=\"3779\">7. Promueve tu tienda Clasco.mx fuera de la plataforma<\/strong><\/h2><ul data-start=\"3780\" data-end=\"4037\"><li data-start=\"3780\" data-end=\"3860\"><p data-start=\"3782\" data-end=\"3860\">Comparte el link de tu eShop en <strong data-start=\"3814\" data-end=\"3857\">Facebook, Instagram y WhatsApp Business<\/strong>.<\/p><\/li><li data-start=\"3861\" data-end=\"3943\"><p data-start=\"3863\" data-end=\"3943\">Usa c\u00f3digos o enlaces directos a tus productos en Clasco para dirigir tr\u00e1fico.<\/p><\/li><li data-start=\"3944\" data-end=\"4037\"><p data-start=\"3946\" data-end=\"4037\">Cuanto m\u00e1s tr\u00e1fico dirijas a tu tienda en Clasco.mx, m\u00e1s oportunidades tendr\u00e1s de vender.<\/p><\/li><\/ul><hr data-start=\"4039\" data-end=\"4042\" \/><h2 data-start=\"4044\" data-end=\"4106\"><strong data-start=\"4047\" data-end=\"4106\">8. Aprovecha las herramientas de Clasco para vendedores<\/strong><\/h2><ul data-start=\"4107\" data-end=\"4378\"><li data-start=\"4107\" data-end=\"4192\"><p data-start=\"4109\" data-end=\"4192\"><strong data-start=\"4109\" data-end=\"4130\">Panel de m\u00e9tricas<\/strong>: revisa cu\u00e1ntos visitantes tiene tu tienda y tus productos.<\/p><\/li><li data-start=\"4193\" data-end=\"4277\"><p data-start=\"4195\" data-end=\"4277\"><strong data-start=\"4195\" data-end=\"4221\">An\u00e1lisis de categor\u00edas<\/strong>: identifica qu\u00e9 productos se buscan m\u00e1s en Clasco.mx.<\/p><\/li><li data-start=\"4278\" data-end=\"4378\"><p data-start=\"4280\" data-end=\"4378\"><strong data-start=\"4280\" data-end=\"4303\">Capacitaci\u00f3n BLOQUE<\/strong>: usa los talleres semanales para aprender nuevas t\u00e9cnicas de e-commerce.<\/p><\/li><\/ul><hr data-start=\"4380\" data-end=\"4383\" \/><h2 data-start=\"4385\" data-end=\"4436\"><strong data-start=\"4388\" data-end=\"4436\">9. Estrategias avanzadas dentro de Clasco.mx<\/strong><\/h2><ul data-start=\"4437\" data-end=\"4686\"><li data-start=\"4437\" data-end=\"4537\"><p data-start=\"4439\" data-end=\"4537\">Publica tus productos en las <strong data-start=\"4468\" data-end=\"4497\">categor\u00edas m\u00e1s demandadas<\/strong> (moda, belleza, electr\u00f3nicos, hogar).<\/p><\/li><li data-start=\"4538\" data-end=\"4594\"><p data-start=\"4540\" data-end=\"4594\">Crea combos o paquetes de productos complementarios.<\/p><\/li><li data-start=\"4595\" data-end=\"4686\"><p data-start=\"4597\" data-end=\"4686\">Usa t\u00edtulos SEO-friendly para que Google tambi\u00e9n indexe tus publicaciones de Clasco.mx.<\/p><\/li><\/ul><hr data-start=\"4688\" data-end=\"4691\" \/><h2 data-start=\"4693\" data-end=\"4714\"><strong data-start=\"4696\" data-end=\"4714\">10. Conclusi\u00f3n<\/strong><\/h2><p data-start=\"4715\" data-end=\"5012\">Mejorar la conversi\u00f3n de tu tienda en Clasco.mx no depende solo de tener buenos productos, sino de c\u00f3mo los presentas, c\u00f3mo los promocionas y c\u00f3mo atiendes a tus clientes.<br data-start=\"4886\" data-end=\"4889\" \/>Si aplicas estos tips, lograr\u00e1s que tus visitas se conviertan en ventas y consolidar\u00e1s tu negocio dentro del marketplace.<\/p><p>\u00a0<\/p><p data-start=\"5014\" data-end=\"5213\">\ud83d\ude80 <strong data-start=\"5017\" data-end=\"5213\">Recuerda: en Clasco.mx, cada detalle cuenta. Desde la foto de portada de tu tienda hasta la rapidez con la que respondes un mensaje. Optimiza tu presencia y ver\u00e1s c\u00f3mo tus conversiones crecen.<\/strong><\/p>\t\t\t\t\t\t\t\t<\/div>\n\t\t\t\t<\/div>\n\t\t\t\t\t<\/div>\n\t\t\t\t<\/div>\n\t\t\t\t<\/div>\n\t\t","protected":false},"excerpt":{"rendered":"<p>Tips para mejorar la conversi\u00f3n de tu tienda en l\u00ednea Introducci\u00f3n Tener tu tienda en Clasco.mx es el primer paso para entrar al comercio digital en M\u00e9xico. Pero lo m\u00e1s importante no es solo publicar productos, sino lograr que los visitantes de Clasco.mx realmente te compren.En esta gu\u00eda encontrar\u00e1s consejos pr\u00e1cticos dise\u00f1ados espec\u00edficamente para mejorar [&hellip;]<\/p>\n","protected":false},"author":1,"featured_media":1926,"parent":0,"menu_order":0,"comment_status":"open","ping_status":"closed","template":"","meta":{"footnotes":""},"class_list":["post-2146","page","type-page","status-publish","has-post-thumbnail","hentry"],"blocksy_meta":[],"_links":{"self":[{"href":"https:\/\/clasco.mx\/blog\/wp-json\/wp\/v2\/pages\/2146","targetHints":{"allow":["GET"]}}],"collection":[{"href":"https:\/\/clasco.mx\/blog\/wp-json\/wp\/v2\/pages"}],"about":[{"href":"https:\/\/clasco.mx\/blog\/wp-json\/wp\/v2\/types\/page"}],"author":[{"embeddable":true,"href":"https:\/\/clasco.mx\/blog\/wp-json\/wp\/v2\/users\/1"}],"replies":[{"embeddable":true,"href":"https:\/\/clasco.mx\/blog\/wp-json\/wp\/v2\/comments?post=2146"}],"version-history":[{"count":7,"href":"https:\/\/clasco.mx\/blog\/wp-json\/wp\/v2\/pages\/2146\/revisions"}],"predecessor-version":[{"id":2153,"href":"https:\/\/clasco.mx\/blog\/wp-json\/wp\/v2\/pages\/2146\/revisions\/2153"}],"wp:featuredmedia":[{"embeddable":true,"href":"https:\/\/clasco.mx\/blog\/wp-json\/wp\/v2\/media\/1926"}],"wp:attachment":[{"href":"https:\/\/clasco.mx\/blog\/wp-json\/wp\/v2\/media?parent=2146"}],"curies":[{"name":"wp","href":"https:\/\/api.w.org\/{rel}","templated":true}]}}