{"id":2135,"date":"2025-08-25T23:11:31","date_gmt":"2025-08-25T23:11:31","guid":{"rendered":"https:\/\/clasco.mx\/blog\/?page_id=2135"},"modified":"2025-11-04T16:20:49","modified_gmt":"2025-11-04T16:20:49","slug":"guia-rapida-para-publicar-y-comenzar-a-vender","status":"publish","type":"page","link":"https:\/\/clasco.mx\/blog\/guia-rapida-para-publicar-y-comenzar-a-vender\/","title":{"rendered":"Gu\u00eda r\u00e1pida para publicar y comenzar a vender"},"content":{"rendered":"\t\t<div data-elementor-type=\"wp-page\" data-elementor-id=\"2135\" class=\"elementor elementor-2135\">\n\t\t\t\t<div class=\"elementor-element elementor-element-361dcf9 e-flex e-con-boxed e-con e-parent\" data-id=\"361dcf9\" data-element_type=\"container\">\n\t\t\t\t\t<div class=\"e-con-inner\">\n\t\t\t\t<div class=\"elementor-element elementor-element-af46752 elementor-widget elementor-widget-image\" data-id=\"af46752\" data-element_type=\"widget\" data-widget_type=\"image.default\">\n\t\t\t\t<div class=\"elementor-widget-container\">\n\t\t\t\t\t\t\t\t\t\t\t\t\t\t\t<img fetchpriority=\"high\" decoding=\"async\" width=\"350\" height=\"234\" src=\"https:\/\/clasco.mx\/blog\/wp-content\/uploads\/2025\/08\/celular.webp\" class=\"attachment-large size-large wp-image-1929\" alt=\"Vende desde tu celular con clasco\" srcset=\"https:\/\/clasco.mx\/blog\/wp-content\/uploads\/2025\/08\/celular.webp 350w, https:\/\/clasco.mx\/blog\/wp-content\/uploads\/2025\/08\/celular-300x201.webp 300w\" sizes=\"(max-width: 350px) 100vw, 350px\" title=\"Gu\u00eda r\u00e1pida para publicar y comenzar a vender\">\t\t\t\t\t\t\t\t\t\t\t\t\t\t\t<\/div>\n\t\t\t\t<\/div>\n\t\t\t\t<div class=\"elementor-element elementor-element-42a47cc elementor-widget elementor-widget-heading\" data-id=\"42a47cc\" data-element_type=\"widget\" data-widget_type=\"heading.default\">\n\t\t\t\t<div class=\"elementor-widget-container\">\n\t\t\t\t\t<h1 class=\"elementor-heading-title elementor-size-default\">Gu\u00eda r\u00e1pida para publicar y comenzar a vender en Clasco.mx<\/h1>\t\t\t\t<\/div>\n\t\t\t\t<\/div>\n\t\t\t\t<div class=\"elementor-element elementor-element-e64fdff elementor-widget elementor-widget-text-editor\" data-id=\"e64fdff\" data-element_type=\"widget\" data-widget_type=\"text-editor.default\">\n\t\t\t\t<div class=\"elementor-widget-container\">\n\t\t\t\t\t\t\t\t\t<h2 data-start=\"381\" data-end=\"400\"><strong data-start=\"384\" data-end=\"400\">Introducci\u00f3n<\/strong><\/h2><p data-start=\"401\" data-end=\"791\">El comercio electr\u00f3nico en M\u00e9xico atraviesa uno de sus mejores momentos. Cada vez m\u00e1s compradores conf\u00edan en marketplaces para adquirir desde art\u00edculos de uso diario hasta productos especializados.<br data-start=\"598\" data-end=\"601\" \/>En este contexto, <strong data-start=\"619\" data-end=\"632\">Clasco.mx<\/strong> se posiciona como un marketplace 100 % mexicano que conecta a vendedores y compradores en un espacio digital confiable, pr\u00e1ctico y en constante crecimiento.<\/p><p data-start=\"793\" data-end=\"1078\">Si eres emprendedor, negocio local o empresa con inventario listo para ofrecer, esta gu\u00eda est\u00e1 dise\u00f1ada para ti. Aqu\u00ed aprender\u00e1s paso a paso <strong data-start=\"934\" data-end=\"1007\">c\u00f3mo registrarte, publicar productos y comenzar a vender en Clasco.mx<\/strong>, adem\u00e1s de estrategias pr\u00e1cticas para destacar entre la competencia.<\/p><hr data-start=\"1080\" data-end=\"1083\" \/><h2 data-start=\"1085\" data-end=\"1141\"><strong data-start=\"1088\" data-end=\"1141\">1. \u00bfPor qu\u00e9 elegir Clasco.mx como tu marketplace?<\/strong><\/h2><p data-start=\"1142\" data-end=\"1201\">Antes de entrar en lo operativo, entendamos las ventajas:<\/p><ul data-start=\"1203\" data-end=\"1747\"><li data-start=\"1203\" data-end=\"1305\"><p data-start=\"1205\" data-end=\"1305\"><strong data-start=\"1205\" data-end=\"1244\">Plataforma confiable y transparente<\/strong>: Clasco.mx valida a sus vendedores y protege al comprador.<\/p><\/li><li data-start=\"1306\" data-end=\"1389\"><p data-start=\"1308\" data-end=\"1389\"><strong data-start=\"1308\" data-end=\"1328\">Alcance nacional<\/strong>: tus productos pueden llegar a cualquier rinc\u00f3n de M\u00e9xico.<\/p><\/li><li data-start=\"1390\" data-end=\"1518\"><p data-start=\"1392\" data-end=\"1518\"><strong data-start=\"1392\" data-end=\"1422\">Oportunidad de crecimiento<\/strong>: menor saturaci\u00f3n que otros marketplaces internacionales, lo que permite destacar m\u00e1s r\u00e1pido.<\/p><\/li><li data-start=\"1519\" data-end=\"1623\"><p data-start=\"1521\" data-end=\"1623\"><strong data-start=\"1521\" data-end=\"1545\">Soporte a vendedores<\/strong>: programas de acompa\u00f1amiento, capacitaci\u00f3n (como BLOQUE) y soporte t\u00e9cnico.<\/p><\/li><li data-start=\"1624\" data-end=\"1747\"><p data-start=\"1626\" data-end=\"1747\"><strong data-start=\"1626\" data-end=\"1650\">Ecosistema log\u00edstico<\/strong>: posibilidad de manejar env\u00edos propios o integrarse a soluciones de almacenaje (Clasco Boost).<\/p><\/li><\/ul><hr data-start=\"1749\" data-end=\"1752\" \/><h2 data-start=\"1754\" data-end=\"1791\"><strong data-start=\"1757\" data-end=\"1791\">2. Preparaci\u00f3n antes de vender<\/strong><\/h2><p data-start=\"1792\" data-end=\"1849\">Como todo proyecto, el \u00e9xito comienza en la planeaci\u00f3n.<\/p><h3 data-start=\"1851\" data-end=\"1887\">a) Documentos y datos necesarios<\/h3><ul data-start=\"1888\" data-end=\"2073\"><li data-start=\"1888\" data-end=\"1955\"><p data-start=\"1890\" data-end=\"1955\">RFC o identificaci\u00f3n oficial (para facturaci\u00f3n y verificaci\u00f3n).<\/p><\/li><li data-start=\"1956\" data-end=\"2002\"><p data-start=\"1958\" data-end=\"2002\">Cuenta bancaria activa para recibir pagos.<\/p><\/li><li data-start=\"2003\" data-end=\"2073\"><p data-start=\"2005\" data-end=\"2073\">Datos b\u00e1sicos de tu negocio: nombre, tel\u00e9fono, correo de contacto.<\/p><\/li><\/ul><h3 data-start=\"2075\" data-end=\"2110\">b) Informaci\u00f3n de tus productos<\/h3><ul data-start=\"2111\" data-end=\"2406\"><li data-start=\"2111\" data-end=\"2188\"><p data-start=\"2113\" data-end=\"2188\">Fotograf\u00edas en alta calidad (m\u00ednimo 1000&#215;1000 px, fondo blanco o neutro).<\/p><\/li><li data-start=\"2189\" data-end=\"2252\"><p data-start=\"2191\" data-end=\"2252\">Descripci\u00f3n clara con t\u00edtulo, caracter\u00edsticas y beneficios.<\/p><\/li><li data-start=\"2253\" data-end=\"2335\"><p data-start=\"2255\" data-end=\"2335\">Precio definido con margen para promociones y, si lo deseas, <strong data-start=\"2316\" data-end=\"2332\">env\u00edo gratis<\/strong>.<\/p><\/li><li data-start=\"2336\" data-end=\"2406\"><p data-start=\"2338\" data-end=\"2406\">Categor\u00eda correcta (ej. moda, belleza, electr\u00f3nicos, hogar, etc.).<\/p><\/li><\/ul><hr data-start=\"2408\" data-end=\"2411\" \/><h2 data-start=\"2413\" data-end=\"2466\"><strong data-start=\"2416\" data-end=\"2466\">3. C\u00f3mo registrarte como vendedor en Clasco.mx<\/strong><\/h2><ol data-start=\"2467\" data-end=\"2775\"><li data-start=\"2467\" data-end=\"2517\"><p data-start=\"2470\" data-end=\"2517\">Ingresa a <strong data-start=\"2480\" data-end=\"2514\"><a class=\"decorated-link\" href=\"https:\/\/clasco.mx\" target=\"_new\" rel=\"noopener\" data-start=\"2482\" data-end=\"2512\">Clasco.mx<\/a><\/strong>.<\/p><\/li><li data-start=\"2518\" data-end=\"2555\"><p data-start=\"2521\" data-end=\"2555\">Haz clic en <strong data-start=\"2533\" data-end=\"2552\">\u201cQuiero vender\u201d<\/strong>.<\/p><\/li><li data-start=\"2556\" data-end=\"2619\"><p data-start=\"2559\" data-end=\"2619\">Llena el formulario con tus datos de negocio o personales.<\/p><\/li><li data-start=\"2620\" data-end=\"2679\"><p data-start=\"2623\" data-end=\"2679\">Verifica tu correo electr\u00f3nico para activar la cuenta.<\/p><\/li><li data-start=\"2680\" data-end=\"2775\"><p data-start=\"2683\" data-end=\"2775\">Configura tu perfil de vendedor: nombre de tienda, logo, descripci\u00f3n y pol\u00edticas de venta.<\/p><\/li><\/ol><p data-start=\"2777\" data-end=\"2872\">\ud83d\udc49 Consejo: la presentaci\u00f3n inicial de tu tienda influye mucho en la confianza del comprador.<\/p><hr data-start=\"2874\" data-end=\"2877\" \/><h2 data-start=\"2879\" data-end=\"2928\"><strong data-start=\"2882\" data-end=\"2928\">4. Publicar tu primer producto paso a paso<\/strong><\/h2><h3 data-start=\"2929\" data-end=\"2957\">Paso 1: Acceder al panel<\/h3><p data-start=\"2958\" data-end=\"3019\">Entra con tu usuario y contrase\u00f1a al <strong data-start=\"2995\" data-end=\"3016\">Panel de Vendedor<\/strong>.<\/p><h3 data-start=\"3021\" data-end=\"3050\">Paso 2: Crear publicaci\u00f3n<\/h3><ul data-start=\"3051\" data-end=\"3383\"><li data-start=\"3051\" data-end=\"3090\"><p data-start=\"3053\" data-end=\"3090\">Haz clic en <strong data-start=\"3065\" data-end=\"3087\">\u201cAgregar producto\u201d<\/strong>.<\/p><\/li><li data-start=\"3091\" data-end=\"3383\"><p data-start=\"3093\" data-end=\"3115\">Completa los campos:<\/p><ul data-start=\"3118\" data-end=\"3383\"><li data-start=\"3118\" data-end=\"3196\"><p data-start=\"3120\" data-end=\"3196\"><strong data-start=\"3120\" data-end=\"3143\">Nombre del producto<\/strong> (ej. Mochila escolar impermeable para laptop 15\u201d).<\/p><\/li><li data-start=\"3199\" data-end=\"3277\"><p data-start=\"3201\" data-end=\"3277\"><strong data-start=\"3201\" data-end=\"3216\">Descripci\u00f3n<\/strong>: incluye caracter\u00edsticas, materiales, medidas, beneficios.<\/p><\/li><li data-start=\"3280\" data-end=\"3334\"><p data-start=\"3282\" data-end=\"3334\"><strong data-start=\"3282\" data-end=\"3292\">Precio<\/strong>: ajusta seg\u00fan tu estrategia de mercado.<\/p><\/li><li data-start=\"3337\" data-end=\"3383\"><p data-start=\"3339\" data-end=\"3383\"><strong data-start=\"3339\" data-end=\"3352\">Categor\u00eda<\/strong>: selecciona la m\u00e1s adecuada.<\/p><\/li><\/ul><\/li><\/ul><h3 data-start=\"3385\" data-end=\"3411\">Paso 3: Subir im\u00e1genes<\/h3><ul data-start=\"3412\" data-end=\"3547\"><li data-start=\"3412\" data-end=\"3500\"><p data-start=\"3414\" data-end=\"3500\">Usa fotos en fondo blanco y agrega m\u00ednimo 3 por producto (frontal, lateral, en uso).<\/p><\/li><li data-start=\"3501\" data-end=\"3547\"><p data-start=\"3503\" data-end=\"3547\">Evita fotos borrosas o con marcas de agua.<\/p><\/li><\/ul><h3 data-start=\"3549\" data-end=\"3578\">Paso 4: Opciones de env\u00edo<\/h3><ul data-start=\"3579\" data-end=\"3703\"><li data-start=\"3579\" data-end=\"3649\"><p data-start=\"3581\" data-end=\"3649\">Define si usar\u00e1s <strong data-start=\"3598\" data-end=\"3614\">env\u00edo propio<\/strong> o si activar\u00e1s <strong data-start=\"3630\" data-end=\"3646\">env\u00edo gratis<\/strong>.<\/p><\/li><li data-start=\"3650\" data-end=\"3703\"><p data-start=\"3652\" data-end=\"3703\">Indica peso y dimensiones para c\u00e1lculo de tarifa.<\/p><\/li><\/ul><h3 data-start=\"3705\" data-end=\"3735\">Paso 5: Guardar y publicar<\/h3><p data-start=\"3736\" data-end=\"3842\">Revisa toda la informaci\u00f3n y da clic en <strong data-start=\"3776\" data-end=\"3799\">\u201cPublicar producto\u201d<\/strong>. En minutos estar\u00e1 visible en Clasco.mx.<\/p><hr data-start=\"3844\" data-end=\"3847\" \/><h2 data-start=\"3849\" data-end=\"3900\"><strong data-start=\"3852\" data-end=\"3900\">5. Estrategias para destacar desde el inicio<\/strong><\/h2><ul data-start=\"3901\" data-end=\"4394\"><li data-start=\"3901\" data-end=\"4050\"><p data-start=\"3903\" data-end=\"4050\"><strong data-start=\"3903\" data-end=\"3939\">Optimiza t\u00edtulos y descripciones<\/strong> con palabras clave que los compradores usan (ej. \u201cmochila escolar\u201d, \u201ctenis deportivos\u201d, \u201ccrema hidratante\u201d).<\/p><\/li><li data-start=\"4051\" data-end=\"4134\"><p data-start=\"4053\" data-end=\"4134\"><strong data-start=\"4053\" data-end=\"4095\">Activa env\u00edo gratis en art\u00edculos clave<\/strong>: aumenta visibilidad y conversiones.<\/p><\/li><li data-start=\"4135\" data-end=\"4209\"><p data-start=\"4137\" data-end=\"4209\"><strong data-start=\"4137\" data-end=\"4169\">Cuida la atenci\u00f3n al cliente<\/strong>: responde r\u00e1pido dudas y comentarios.<\/p><\/li><li data-start=\"4210\" data-end=\"4308\"><p data-start=\"4212\" data-end=\"4308\"><strong data-start=\"4212\" data-end=\"4240\">Usa precios competitivos<\/strong>: revisa cu\u00e1nto cuestan productos similares en otros marketplaces.<\/p><\/li><li data-start=\"4309\" data-end=\"4394\"><p data-start=\"4311\" data-end=\"4394\"><strong data-start=\"4311\" data-end=\"4351\">Promueve tu tienda en redes sociales<\/strong>: genera tr\u00e1fico externo hacia Clasco.mx.<\/p><\/li><\/ul><hr data-start=\"4396\" data-end=\"4399\" \/><h2 data-start=\"4401\" data-end=\"4459\"><strong data-start=\"4404\" data-end=\"4459\">6. \u00bfC\u00f3mo funciona el proceso de venta en Clasco.mx?<\/strong><\/h2><ol data-start=\"4460\" data-end=\"4723\"><li data-start=\"4460\" data-end=\"4529\"><p data-start=\"4463\" data-end=\"4529\">El comprador realiza un pedido y paga en l\u00ednea de manera segura.<\/p><\/li><li data-start=\"4530\" data-end=\"4580\"><p data-start=\"4533\" data-end=\"4580\">Recibes la notificaci\u00f3n en tu panel y correo.<\/p><\/li><li data-start=\"4581\" data-end=\"4641\"><p data-start=\"4584\" data-end=\"4641\">Preparas y env\u00edas el producto en el tiempo establecido.<\/p><\/li><li data-start=\"4642\" data-end=\"4723\"><p data-start=\"4645\" data-end=\"4723\">El cliente recibe el pedido y Clasco.mx libera el pago a tu cuenta bancaria.<\/p><\/li><\/ol><hr data-start=\"4725\" data-end=\"4728\" \/><h2 data-start=\"4730\" data-end=\"4781\"><strong data-start=\"4733\" data-end=\"4781\">7. Preguntas frecuentes de nuevos vendedores<\/strong><\/h2><p data-start=\"4782\" data-end=\"4960\"><strong data-start=\"4782\" data-end=\"4827\">\u00bfPuedo vender cualquier tipo de producto?<\/strong><br data-start=\"4827\" data-end=\"4830\" \/>No. Existen categor\u00edas restringidas (ej. medicamentos controlados, alcohol sin permiso). Consulta la lista oficial en el portal.<\/p><p data-start=\"4962\" data-end=\"5106\"><strong data-start=\"4962\" data-end=\"4992\">\u00bfNecesito emitir facturas?<\/strong><br data-start=\"4992\" data-end=\"4995\" \/>S\u00ed, si tu negocio est\u00e1 dado de alta con RFC. Si vendes como particular, no es obligatorio, pero recomendable.<\/p><p data-start=\"5108\" data-end=\"5221\"><strong data-start=\"5108\" data-end=\"5148\">\u00bfPuedo editar un producto publicado?<\/strong><br data-start=\"5148\" data-end=\"5151\" \/>S\u00ed. Desde el panel puedes actualizar precios, fotos y descripciones.<\/p><p data-start=\"5223\" data-end=\"5393\"><strong data-start=\"5223\" data-end=\"5264\">\u00bfCu\u00e1nto tarda en acreditarse el pago?<\/strong><br data-start=\"5264\" data-end=\"5267\" \/>Depende del m\u00e9todo de pago usado por el cliente, pero usualmente entre 24\u201348 horas h\u00e1biles despu\u00e9s de la entrega confirmada.<\/p><hr data-start=\"5395\" data-end=\"5398\" \/><h2 data-start=\"5400\" data-end=\"5456\"><strong data-start=\"5403\" data-end=\"5456\">8. Errores comunes al comenzar (y c\u00f3mo evitarlos)<\/strong><\/h2><ul data-start=\"5457\" data-end=\"5864\"><li data-start=\"5457\" data-end=\"5535\"><p data-start=\"5459\" data-end=\"5535\"><strong data-start=\"5459\" data-end=\"5484\">Fotos de baja calidad<\/strong> \u2192 solucionarlo invirtiendo en buena iluminaci\u00f3n.<\/p><\/li><li data-start=\"5536\" data-end=\"5618\"><p data-start=\"5538\" data-end=\"5618\"><strong data-start=\"5538\" data-end=\"5567\">Descripciones incompletas<\/strong> \u2192 usar siempre medidas, materiales y beneficios.<\/p><\/li><li data-start=\"5619\" data-end=\"5701\"><p data-start=\"5621\" data-end=\"5701\"><strong data-start=\"5621\" data-end=\"5644\">No responder r\u00e1pido<\/strong> \u2192 la atenci\u00f3n es clave para generar rese\u00f1as positivas.<\/p><\/li><li data-start=\"5702\" data-end=\"5788\"><p data-start=\"5704\" data-end=\"5788\"><strong data-start=\"5704\" data-end=\"5728\">No calcular el env\u00edo<\/strong> \u2192 genera p\u00e9rdidas. Usa siempre peso y dimensiones reales.<\/p><\/li><li data-start=\"5789\" data-end=\"5864\"><p data-start=\"5791\" data-end=\"5864\"><strong data-start=\"5791\" data-end=\"5821\">Subir productos prohibidos<\/strong> \u2192 podr\u00eda causar suspensi\u00f3n de tu cuenta.<\/p><\/li><\/ul><hr data-start=\"5866\" data-end=\"5869\" \/><h2 data-start=\"5871\" data-end=\"5908\"><strong data-start=\"5874\" data-end=\"5908\">9. Casos de \u00e9xito en Clasco.mx<\/strong><\/h2><ul data-start=\"5909\" data-end=\"6263\"><li data-start=\"5909\" data-end=\"6085\"><p data-start=\"5911\" data-end=\"6085\"><strong data-start=\"5911\" data-end=\"5954\">Ejemplo: Vendedor de mochilas escolares<\/strong><br data-start=\"5954\" data-end=\"5957\" \/>Public\u00f3 su inventario antes del regreso a clases, activ\u00f3 env\u00edo gratis en 3 modelos clave y duplic\u00f3 sus ventas en una semana.<\/p><\/li><li data-start=\"6087\" data-end=\"6263\"><p data-start=\"6089\" data-end=\"6263\"><strong data-start=\"6089\" data-end=\"6130\">Ejemplo: Tienda de cosm\u00e9ticos locales<\/strong><br data-start=\"6130\" data-end=\"6133\" \/>Aprovech\u00f3 la categor\u00eda de Belleza y destac\u00f3 con descripciones optimizadas. Hoy reporta 30 % de sus ventas gracias a Clasco.mx.<\/p><\/li><\/ul><hr data-start=\"6265\" data-end=\"6268\" \/><h2 data-start=\"6270\" data-end=\"6291\"><strong data-start=\"6273\" data-end=\"6291\">10. Conclusi\u00f3n<\/strong><\/h2><p data-start=\"6292\" data-end=\"6628\">Publicar y comenzar a vender en Clasco.mx es un proceso r\u00e1pido, pero el verdadero \u00e9xito est\u00e1 en la <strong data-start=\"6391\" data-end=\"6418\">estrategia y constancia<\/strong>.<br data-start=\"6419\" data-end=\"6422\" \/>Si aprovechas las herramientas disponibles (env\u00edo gratis, promociones, buenas pr\u00e1cticas de publicaci\u00f3n) y cuidas la experiencia del cliente, tendr\u00e1s una base s\u00f3lida para crecer en el mundo del e-commerce.<\/p><p data-start=\"6630\" data-end=\"6734\">\ud83d\ude80 <strong data-start=\"6633\" data-end=\"6734\">No esperes m\u00e1s: publica tu primer producto en Clasco.mx y da el paso para digitalizar tu negocio.<\/strong><\/p>\t\t\t\t\t\t\t\t<\/div>\n\t\t\t\t<\/div>\n\t\t\t\t\t<\/div>\n\t\t\t\t<\/div>\n\t\t\t\t<\/div>\n\t\t","protected":false},"excerpt":{"rendered":"<p>Gu\u00eda r\u00e1pida para publicar y comenzar a vender en Clasco.mx Introducci\u00f3n El comercio electr\u00f3nico en M\u00e9xico atraviesa uno de sus mejores momentos. Cada vez m\u00e1s compradores conf\u00edan en marketplaces para adquirir desde art\u00edculos de uso diario hasta productos especializados.En este contexto, Clasco.mx se posiciona como un marketplace 100 % mexicano que conecta a vendedores y [&hellip;]<\/p>\n","protected":false},"author":1,"featured_media":1929,"parent":0,"menu_order":0,"comment_status":"open","ping_status":"closed","template":"","meta":{"footnotes":""},"class_list":["post-2135","page","type-page","status-publish","has-post-thumbnail","hentry"],"blocksy_meta":[],"_links":{"self":[{"href":"https:\/\/clasco.mx\/blog\/wp-json\/wp\/v2\/pages\/2135","targetHints":{"allow":["GET"]}}],"collection":[{"href":"https:\/\/clasco.mx\/blog\/wp-json\/wp\/v2\/pages"}],"about":[{"href":"https:\/\/clasco.mx\/blog\/wp-json\/wp\/v2\/types\/page"}],"author":[{"embeddable":true,"href":"https:\/\/clasco.mx\/blog\/wp-json\/wp\/v2\/users\/1"}],"replies":[{"embeddable":true,"href":"https:\/\/clasco.mx\/blog\/wp-json\/wp\/v2\/comments?post=2135"}],"version-history":[{"count":7,"href":"https:\/\/clasco.mx\/blog\/wp-json\/wp\/v2\/pages\/2135\/revisions"}],"predecessor-version":[{"id":2142,"href":"https:\/\/clasco.mx\/blog\/wp-json\/wp\/v2\/pages\/2135\/revisions\/2142"}],"wp:featuredmedia":[{"embeddable":true,"href":"https:\/\/clasco.mx\/blog\/wp-json\/wp\/v2\/media\/1929"}],"wp:attachment":[{"href":"https:\/\/clasco.mx\/blog\/wp-json\/wp\/v2\/media?parent=2135"}],"curies":[{"name":"wp","href":"https:\/\/api.w.org\/{rel}","templated":true}]}}