{"id":2086,"date":"2025-08-16T00:55:17","date_gmt":"2025-08-16T00:55:17","guid":{"rendered":"https:\/\/clasco.mx\/blog\/?page_id=2086"},"modified":"2025-11-04T16:27:53","modified_gmt":"2025-11-04T16:27:53","slug":"historiadeclasificadoscontacto","status":"publish","type":"page","link":"https:\/\/clasco.mx\/blog\/historiadeclasificadoscontacto\/","title":{"rendered":"Historia de Clasificados Contacto | Clasco"},"content":{"rendered":"\t\t<div data-elementor-type=\"wp-page\" data-elementor-id=\"2086\" class=\"elementor elementor-2086\">\n\t\t\t\t<div class=\"elementor-element elementor-element-00bf382 e-flex e-con-boxed e-con e-parent\" data-id=\"00bf382\" data-element_type=\"container\">\n\t\t\t\t\t<div class=\"e-con-inner\">\n\t\t\t\t<div class=\"elementor-element elementor-element-7c89a66 elementor-widget elementor-widget-image\" data-id=\"7c89a66\" data-element_type=\"widget\" data-widget_type=\"image.default\">\n\t\t\t\t<div class=\"elementor-widget-container\">\n\t\t\t\t\t\t\t\t\t\t\t\t\t\t\t<img fetchpriority=\"high\" decoding=\"async\" width=\"350\" height=\"233\" src=\"https:\/\/clasco.mx\/blog\/wp-content\/uploads\/2025\/08\/revista.webp\" class=\"attachment-large size-large wp-image-1927\" alt=\"Clasco revista\" srcset=\"https:\/\/clasco.mx\/blog\/wp-content\/uploads\/2025\/08\/revista.webp 350w, https:\/\/clasco.mx\/blog\/wp-content\/uploads\/2025\/08\/revista-300x200.webp 300w\" sizes=\"(max-width: 350px) 100vw, 350px\" title=\"Historia de Clasificados Contacto | Clasco\">\t\t\t\t\t\t\t\t\t\t\t\t\t\t\t<\/div>\n\t\t\t\t<\/div>\n\t\t\t\t<div class=\"elementor-element elementor-element-9535ee1 elementor-widget elementor-widget-heading\" data-id=\"9535ee1\" data-element_type=\"widget\" data-widget_type=\"heading.default\">\n\t\t\t\t<div class=\"elementor-widget-container\">\n\t\t\t\t\t<h2 class=\"elementor-heading-title elementor-size-default\"><a href=\"https:\/\/clasco.mx\/blog\/elementor-2086\/\">De Clasificados Contacto a Clasco.mx: la evoluci\u00f3n de un referente del comercio en M\u00e9xico<\/a><\/h2>\t\t\t\t<\/div>\n\t\t\t\t<\/div>\n\t\t\t\t<div class=\"elementor-element elementor-element-f453a90 elementor-widget elementor-widget-text-editor\" data-id=\"f453a90\" data-element_type=\"widget\" data-widget_type=\"text-editor.default\">\n\t\t\t\t<div class=\"elementor-widget-container\">\n\t\t\t\t\t\t\t\t\t<p data-start=\"370\" data-end=\"427\"><strong>Los inicios: un espacio para anunciar y conectar<\/strong><\/p><p data-start=\"428\" data-end=\"772\">Hace casi dos d\u00e9cadas, Clasificados Contacto naci\u00f3 en Quer\u00e9taro como una revista gratuita que se distribu\u00eda en puestos de peri\u00f3dicos y tiendas de conveniencia. Su prop\u00f3sito era claro: ofrecer un espacio donde la comunidad pudiera publicar anuncios clasificados en categor\u00edas como inmuebles, autos, empleos y art\u00edculos de segunda mano.<\/p><p data-start=\"774\" data-end=\"1063\">La revista se convirti\u00f3 r\u00e1pidamente en un referente local, ganando la confianza de miles de personas que buscaban una soluci\u00f3n pr\u00e1ctica para comprar y vender. Con el tiempo, la marca se consolid\u00f3 como un puente de conexi\u00f3n entre necesidades de consumo y oportunidades de negocio.<\/p><hr data-start=\"1065\" data-end=\"1068\" \/><p data-start=\"1070\" data-end=\"1113\"><strong>La transformaci\u00f3n hacia lo digital<\/strong><\/p><p data-start=\"1114\" data-end=\"1416\">Con el avance de la tecnolog\u00eda y el cambio en los h\u00e1bitos de consumo, surgi\u00f3 la necesidad de dar un paso m\u00e1s all\u00e1. Fue entonces cuando Clasificados Contacto evolucion\u00f3 hacia Clasco.mx, un marketplace moderno y vers\u00e1til, dise\u00f1ado para responder a las nuevas din\u00e1micas del comercio electr\u00f3nico.<\/p><p data-start=\"1418\" data-end=\"1604\">Este cambio no fue solo un ajuste de nombre, sino una transformaci\u00f3n integral de la plataforma, integrando herramientas que antes eran impensables en el modelo cl\u00e1sico de anuncios:<\/p><ul data-start=\"1605\" data-end=\"1838\"><li data-start=\"1605\" data-end=\"1653\"><p data-start=\"1607\" data-end=\"1653\">Env\u00edos a domicilio para mayor comodidad.<\/p><\/li><li data-start=\"1654\" data-end=\"1737\"><p data-start=\"1656\" data-end=\"1737\">Pagos en l\u00ednea seguros, con respaldo tecnol\u00f3gico y protecci\u00f3n al comprador.<\/p><\/li><li data-start=\"1738\" data-end=\"1838\"><p data-start=\"1740\" data-end=\"1838\">Mayor visibilidad para los vendedores, gracias a un cat\u00e1logo digital m\u00e1s robusto y din\u00e1mico.<\/p><\/li><\/ul><hr data-start=\"1840\" data-end=\"1843\" \/><p data-start=\"1845\" data-end=\"1899\"><strong>Clasco.mx hoy: un marketplace hecho en M\u00e9xico<\/strong><\/p><p data-start=\"1900\" data-end=\"2087\">Hoy, Clasco.mx se presenta como un marketplace 100 % mexicano que atiende tanto a compradores j\u00f3venes y digitales como a vendedores que buscan dar el salto al comercio en l\u00ednea.<\/p><p data-start=\"2089\" data-end=\"2119\">Nuestro compromiso es claro:<\/p><ul data-start=\"2120\" data-end=\"2437\"><li data-start=\"2120\" data-end=\"2180\"><p data-start=\"2122\" data-end=\"2180\">Ofrecer una plataforma segura para comprar y vender.<\/p><\/li><li data-start=\"2181\" data-end=\"2304\"><p data-start=\"2183\" data-end=\"2304\">Brindar a los vendedores herramientas de crecimiento, desde la publicaci\u00f3n de productos hasta la gesti\u00f3n de env\u00edos.<\/p><\/li><li data-start=\"2305\" data-end=\"2437\"><p data-start=\"2307\" data-end=\"2437\">Atender las necesidades de millones de consumidores en M\u00e9xico que buscan comodidad, rapidez y confianza al comprar en l\u00ednea.<\/p><\/li><\/ul><hr data-start=\"2439\" data-end=\"2442\" \/><p data-start=\"2444\" data-end=\"2471\"><strong>Expansi\u00f3n y futuro<\/strong><\/p><p data-start=\"2472\" data-end=\"2861\">La estrategia de crecimiento de Clasco.mx parte de Quer\u00e9taro como punto de origen, pero con la visi\u00f3n de posicionarse como uno de los marketplaces m\u00e1s relevantes del pa\u00eds. Nuestro objetivo es consolidarnos como la plataforma preferida por los nuevos consumidores digitales, generando un espacio donde la innovaci\u00f3n tecnol\u00f3gica se combina con la cercan\u00eda de un servicio local.<\/p><p data-start=\"2863\" data-end=\"3072\">Con cada paso, buscamos que m\u00e1s emprendedores, productores locales y negocios establecidos encuentren en Clasco.mx una ventana para crecer, diversificar sus ventas y conectar con clientes en todo M\u00e9xico.<\/p><p data-start=\"2863\" data-end=\"3072\">\u00a0<\/p><hr data-start=\"3074\" data-end=\"3077\" \/><p data-start=\"3099\" data-end=\"3439\">Lo que comenz\u00f3 como una revista de anuncios impresos es hoy un <strong data-start=\"3162\" data-end=\"3208\">ecosistema digital de comercio electr\u00f3nico<\/strong> que combina experiencia, confianza y tecnolog\u00eda. En Clasco.mx trabajamos para ser <strong data-start=\"3291\" data-end=\"3350\">el marketplace con mayor tendencia de consumo en M\u00e9xico<\/strong>, ofreciendo oportunidades reales de crecimiento a quienes se animan a vender en l\u00ednea.<\/p>\t\t\t\t\t\t\t\t<\/div>\n\t\t\t\t<\/div>\n\t\t\t\t\t<\/div>\n\t\t\t\t<\/div>\n\t\t\t\t<\/div>\n\t\t","protected":false},"excerpt":{"rendered":"<p>De Clasificados Contacto a Clasco.mx: la evoluci\u00f3n de un referente del comercio en M\u00e9xico Los inicios: un espacio para anunciar y conectar Hace casi dos d\u00e9cadas, Clasificados Contacto naci\u00f3 en Quer\u00e9taro como una revista gratuita que se distribu\u00eda en puestos de peri\u00f3dicos y tiendas de conveniencia. Su prop\u00f3sito era claro: ofrecer un espacio donde la [&hellip;]<\/p>\n","protected":false},"author":1,"featured_media":1927,"parent":0,"menu_order":0,"comment_status":"open","ping_status":"closed","template":"","meta":{"footnotes":""},"class_list":["post-2086","page","type-page","status-publish","has-post-thumbnail","hentry"],"blocksy_meta":[],"_links":{"self":[{"href":"https:\/\/clasco.mx\/blog\/wp-json\/wp\/v2\/pages\/2086","targetHints":{"allow":["GET"]}}],"collection":[{"href":"https:\/\/clasco.mx\/blog\/wp-json\/wp\/v2\/pages"}],"about":[{"href":"https:\/\/clasco.mx\/blog\/wp-json\/wp\/v2\/types\/page"}],"author":[{"embeddable":true,"href":"https:\/\/clasco.mx\/blog\/wp-json\/wp\/v2\/users\/1"}],"replies":[{"embeddable":true,"href":"https:\/\/clasco.mx\/blog\/wp-json\/wp\/v2\/comments?post=2086"}],"version-history":[{"count":21,"href":"https:\/\/clasco.mx\/blog\/wp-json\/wp\/v2\/pages\/2086\/revisions"}],"predecessor-version":[{"id":2359,"href":"https:\/\/clasco.mx\/blog\/wp-json\/wp\/v2\/pages\/2086\/revisions\/2359"}],"wp:featuredmedia":[{"embeddable":true,"href":"https:\/\/clasco.mx\/blog\/wp-json\/wp\/v2\/media\/1927"}],"wp:attachment":[{"href":"https:\/\/clasco.mx\/blog\/wp-json\/wp\/v2\/media?parent=2086"}],"curies":[{"name":"wp","href":"https:\/\/api.w.org\/{rel}","templated":true}]}}